{"id":6746,"date":"2022-03-19T09:28:06","date_gmt":"2022-03-19T08:28:06","guid":{"rendered":"https:\/\/noir-restoran.eu\/contact\/"},"modified":"2024-07-05T09:20:10","modified_gmt":"2024-07-05T07:20:10","slug":"contactcontact","status":"publish","type":"page","link":"https:\/\/noir-restoran.eu\/en\/contactcontact\/","title":{"rendered":"Contact"},"content":{"rendered":"\t\t<div data-elementor-type=\"wp-page\" data-elementor-id=\"6746\" class=\"elementor elementor-6746 elementor-1089\" data-elementor-post-type=\"page\">\n\t\t\t\t\t\t<div class=\"elementor-section elementor-top-section elementor-element elementor-element-79c934e elementor-section-full_width elementor-section-stretched elementor-section-height-default elementor-section-height-default\" data-id=\"79c934e\" data-element_type=\"section\" data-settings=\"{&quot;stretch_section&quot;:&quot;section-stretched&quot;,&quot;background_background&quot;:&quot;classic&quot;}\">\n\t\t\t\t\t\t<div class=\"elementor-container elementor-column-gap-default\">\n\t\t\t\t\t<div class=\"elementor-column elementor-col-100 elementor-top-column elementor-element elementor-element-8a76627\" data-id=\"8a76627\" data-element_type=\"column\">\n\t\t\t<div class=\"elementor-widget-wrap elementor-element-populated\">\n\t\t\t\t\t\t<div class=\"elementor-section elementor-inner-section elementor-element elementor-element-0ecd1c8 elementor-section-boxed elementor-section-height-default elementor-section-height-default\" data-id=\"0ecd1c8\" data-element_type=\"section\">\n\t\t\t\t\t\t<div class=\"elementor-container elementor-column-gap-default\">\n\t\t\t\t\t<div class=\"elementor-column elementor-col-33 elementor-inner-column elementor-element elementor-element-cf53d3d\" data-id=\"cf53d3d\" data-element_type=\"column\" data-settings=\"{&quot;background_background&quot;:&quot;classic&quot;}\">\n\t\t\t<div class=\"elementor-widget-wrap elementor-element-populated\">\n\t\t\t\t\t\t<div class=\"elementor-element elementor-element-e514dc3 elementor-view-stacked elementor-shape-square elementor-position-top elementor-mobile-position-top elementor-widget elementor-widget-icon-box\" data-id=\"e514dc3\" data-element_type=\"widget\" data-widget_type=\"icon-box.default\">\n\t\t\t\t<div class=\"elementor-widget-container\">\n\t\t\t<link rel=\"stylesheet\" href=\"https:\/\/noir-restoran.eu\/wp-content\/plugins\/elementor\/assets\/css\/widget-icon-box.min.css\">\t\t<div class=\"elementor-icon-box-wrapper\">\n\n\t\t\t\t\t\t<div class=\"elementor-icon-box-icon\">\n\t\t\t\t<a href=\"https:\/\/maps.app.goo.gl\/RdXcSMTZuGn6rypa7\" class=\"elementor-icon elementor-animation-\" tabindex=\"-1\">\n\t\t\t\t<i aria-hidden=\"true\" class=\" ti-location-pin\"><\/i>\t\t\t\t<\/a>\n\t\t\t<\/div>\n\t\t\t\n\t\t\t\t\t\t<div class=\"elementor-icon-box-content\">\n\n\t\t\t\t\t\t\t\t\t<h4 class=\"elementor-icon-box-title\">\n\t\t\t\t\t\t<a href=\"https:\/\/maps.app.goo.gl\/RdXcSMTZuGn6rypa7\" >\n\t\t\t\t\t\t\tAddress\t\t\t\t\t\t<\/a>\n\t\t\t\t\t<\/h4>\n\t\t\t\t\n\t\t\t\t\t\t\t\t\t<p class=\"elementor-icon-box-description\">\n\t\t\t\t\t\t<a href=\"https:\/\/maps.app.goo.gl\/RdXcSMTZuGn6rypa7\">Biha\u0107ka ulica 2B, Split 21000, Croatia<\/a>\t\t\t\t\t<\/p>\n\t\t\t\t\n\t\t\t<\/div>\n\t\t\t\n\t\t<\/div>\n\t\t\t\t<\/div>\n\t\t\t\t<\/div>\n\t\t\t\t\t<\/div>\n\t\t<\/div>\n\t\t\t\t<div class=\"elementor-column elementor-col-33 elementor-inner-column elementor-element elementor-element-e3719cd\" data-id=\"e3719cd\" data-element_type=\"column\" data-settings=\"{&quot;background_background&quot;:&quot;classic&quot;}\">\n\t\t\t<div class=\"elementor-widget-wrap elementor-element-populated\">\n\t\t\t\t\t\t<div class=\"elementor-element elementor-element-265e232 elementor-view-stacked elementor-shape-square elementor-position-top elementor-mobile-position-top elementor-widget elementor-widget-icon-box\" data-id=\"265e232\" data-element_type=\"widget\" data-widget_type=\"icon-box.default\">\n\t\t\t\t<div class=\"elementor-widget-container\">\n\t\t\t\t\t<div class=\"elementor-icon-box-wrapper\">\n\n\t\t\t\t\t\t<div class=\"elementor-icon-box-icon\">\n\t\t\t\t<a href=\"tel:+385912288883\" class=\"elementor-icon elementor-animation-\" tabindex=\"-1\">\n\t\t\t\t<i aria-hidden=\"true\" class=\"ion ion-iphone\"><\/i>\t\t\t\t<\/a>\n\t\t\t<\/div>\n\t\t\t\n\t\t\t\t\t\t<div class=\"elementor-icon-box-content\">\n\n\t\t\t\t\t\t\t\t\t<h4 class=\"elementor-icon-box-title\">\n\t\t\t\t\t\t<a href=\"tel:+385912288883\" >\n\t\t\t\t\t\t\tPhone\t\t\t\t\t\t<\/a>\n\t\t\t\t\t<\/h4>\n\t\t\t\t\n\t\t\t\t\t\t\t\t\t<p class=\"elementor-icon-box-description\">\n\t\t\t\t\t\t<a href=\"tel:+385912288883\">+385 91 228 8883<\/a>\t\t\t\t\t<\/p>\n\t\t\t\t\n\t\t\t<\/div>\n\t\t\t\n\t\t<\/div>\n\t\t\t\t<\/div>\n\t\t\t\t<\/div>\n\t\t\t\t\t<\/div>\n\t\t<\/div>\n\t\t\t\t<div class=\"elementor-column elementor-col-33 elementor-inner-column elementor-element elementor-element-65923d4\" data-id=\"65923d4\" data-element_type=\"column\" data-settings=\"{&quot;background_background&quot;:&quot;classic&quot;}\">\n\t\t\t<div class=\"elementor-widget-wrap elementor-element-populated\">\n\t\t\t\t\t\t<div class=\"elementor-element elementor-element-d57c2da elementor-view-stacked elementor-shape-square elementor-position-top elementor-mobile-position-top elementor-widget elementor-widget-icon-box\" data-id=\"d57c2da\" data-element_type=\"widget\" data-widget_type=\"icon-box.default\">\n\t\t\t\t<div class=\"elementor-widget-container\">\n\t\t\t\t\t<div class=\"elementor-icon-box-wrapper\">\n\n\t\t\t\t\t\t<div class=\"elementor-icon-box-icon\">\n\t\t\t\t<a href=\"mailto:noirrestaurantst@gmail.com\" class=\"elementor-icon elementor-animation-\" tabindex=\"-1\">\n\t\t\t\t<i aria-hidden=\"true\" class=\" ti-email\"><\/i>\t\t\t\t<\/a>\n\t\t\t<\/div>\n\t\t\t\n\t\t\t\t\t\t<div class=\"elementor-icon-box-content\">\n\n\t\t\t\t\t\t\t\t\t<h4 class=\"elementor-icon-box-title\">\n\t\t\t\t\t\t<a href=\"mailto:noirrestaurantst@gmail.com\" >\n\t\t\t\t\t\t\tE-mail\t\t\t\t\t\t<\/a>\n\t\t\t\t\t<\/h4>\n\t\t\t\t\n\t\t\t\t\t\t\t\t\t<p class=\"elementor-icon-box-description\">\n\t\t\t\t\t\t<a href=\"mailto:noir.bistro.split@gmail.com\">noir.bistro.split@gmail.com<\/a>\t\t\t\t\t<\/p>\n\t\t\t\t\n\t\t\t<\/div>\n\t\t\t\n\t\t<\/div>\n\t\t\t\t<\/div>\n\t\t\t\t<\/div>\n\t\t\t\t\t<\/div>\n\t\t<\/div>\n\t\t\t\t\t<\/div>\n\t\t<\/div>\n\t\t\t\t\t<\/div>\n\t\t<\/div>\n\t\t\t\t\t<\/div>\n\t\t<\/div>\n\t\t\t\t<div class=\"elementor-section elementor-top-section elementor-element elementor-element-4d31ce4 elementor-section-full_width elementor-section-stretched elementor-section-height-default elementor-section-height-default\" data-id=\"4d31ce4\" data-element_type=\"section\" data-settings=\"{&quot;stretch_section&quot;:&quot;section-stretched&quot;,&quot;background_background&quot;:&quot;classic&quot;}\">\n\t\t\t\t\t\t<div class=\"elementor-container elementor-column-gap-default\">\n\t\t\t\t\t<div class=\"elementor-column elementor-col-100 elementor-top-column elementor-element elementor-element-81ad7a5\" data-id=\"81ad7a5\" data-element_type=\"column\">\n\t\t\t<div class=\"elementor-widget-wrap elementor-element-populated\">\n\t\t\t\t\t\t<div class=\"elementor-section elementor-inner-section elementor-element elementor-element-fc640e6 elementor-section-boxed elementor-section-height-default elementor-section-height-default\" data-id=\"fc640e6\" data-element_type=\"section\">\n\t\t\t\t\t\t<div class=\"elementor-container elementor-column-gap-default\">\n\t\t\t\t\t<div class=\"elementor-column elementor-col-50 elementor-inner-column elementor-element elementor-element-cc3cf36\" data-id=\"cc3cf36\" data-element_type=\"column\">\n\t\t\t<div class=\"elementor-widget-wrap elementor-element-populated\">\n\t\t\t\t\t\t<div class=\"elementor-element elementor-element-edec99b pt-border-line elementor-widget elementor-widget-image\" data-id=\"edec99b\" data-element_type=\"widget\" data-widget_type=\"image.default\">\n\t\t\t\t<div class=\"elementor-widget-container\">\n\t\t\t<style>\/*! elementor - v3.22.0 - 26-06-2024 *\/\n.elementor-widget-image{text-align:center}.elementor-widget-image a{display:inline-block}.elementor-widget-image a img[src$=\".svg\"]{width:48px}.elementor-widget-image img{vertical-align:middle;display:inline-block}<\/style>\t\t\t\t\t\t\t\t\t\t<img fetchpriority=\"high\" decoding=\"async\" width=\"1200\" height=\"1200\" src=\"https:\/\/noir-restoran.eu\/wp-content\/uploads\/2023\/11\/kontakt-img-1.webp\" class=\"attachment-full size-full wp-image-6064\" alt=\"Restoran u centru Splita\" srcset=\"https:\/\/noir-restoran.eu\/wp-content\/uploads\/2023\/11\/kontakt-img-1.webp 1200w, https:\/\/noir-restoran.eu\/wp-content\/uploads\/2023\/11\/kontakt-img-1-300x300.webp 300w, https:\/\/noir-restoran.eu\/wp-content\/uploads\/2023\/11\/kontakt-img-1-1024x1024.webp 1024w, https:\/\/noir-restoran.eu\/wp-content\/uploads\/2023\/11\/kontakt-img-1-150x150.webp 150w, https:\/\/noir-restoran.eu\/wp-content\/uploads\/2023\/11\/kontakt-img-1-768x768.webp 768w\" sizes=\"(max-width: 1200px) 100vw, 1200px\" \/>\t\t\t\t\t\t\t\t\t\t\t\t\t<\/div>\n\t\t\t\t<\/div>\n\t\t\t\t\t<\/div>\n\t\t<\/div>\n\t\t\t\t<div class=\"elementor-column elementor-col-50 elementor-inner-column elementor-element elementor-element-53f6eee\" data-id=\"53f6eee\" data-element_type=\"column\">\n\t\t\t<div class=\"elementor-widget-wrap elementor-element-populated\">\n\t\t\t\t\t\t<div class=\"elementor-element elementor-element-8e724c6 elementor-widget elementor-widget-section-title\" data-id=\"8e724c6\" data-element_type=\"widget\" data-widget_type=\"section-title.default\">\n\t\t\t\t<div class=\"elementor-widget-container\">\n\t\t\t<div class=\" pt-section-title  pt-section-title-style-1 \">\r\n\r\n   \t\t   \t\t<span class=\"pt-section-sub-title\">Po\u0161aljite poruku<\/span>\r\n   \t   \t\t\t   <h5 class=\"pt-section-title\" >Pi\u0161ite nam<\/h5>\r\n\t   <p><\/p>\r\n      <div class=\"pt-section-svg\">\r\n\r\n\r\n      <\/div>\r\n \r\n\t<\/div>\r\n\t\t<\/div>\n\t\t\t\t<\/div>\n\t\t\t\t<div class=\"elementor-element elementor-element-7ee2a58 elementor-widget elementor-widget-shortcode\" data-id=\"7ee2a58\" data-element_type=\"widget\" data-widget_type=\"shortcode.default\">\n\t\t\t\t<div class=\"elementor-widget-container\">\n\t\t\t\t\t<div class=\"elementor-shortcode\">\n<div class=\"wpcf7 no-js\" id=\"wpcf7-f6754-o1\" lang=\"en-US\" dir=\"ltr\">\n<div class=\"screen-reader-response\"><p role=\"status\" aria-live=\"polite\" aria-atomic=\"true\"><\/p> <ul><\/ul><\/div>\n<form action=\"\/en\/wp-json\/wp\/v2\/pages\/6746#wpcf7-f6754-o1\" method=\"post\" class=\"wpcf7-form init\" aria-label=\"Contact form\" novalidate=\"novalidate\" data-status=\"init\">\n<div style=\"display: none;\">\n<input type=\"hidden\" name=\"_wpcf7\" value=\"6754\" \/>\n<input type=\"hidden\" name=\"_wpcf7_version\" value=\"5.9.6\" \/>\n<input type=\"hidden\" name=\"_wpcf7_locale\" value=\"en_US\" \/>\n<input type=\"hidden\" name=\"_wpcf7_unit_tag\" value=\"wpcf7-f6754-o1\" \/>\n<input type=\"hidden\" name=\"_wpcf7_container_post\" value=\"0\" \/>\n<input type=\"hidden\" name=\"_wpcf7_posted_data_hash\" value=\"\" \/>\n<input type=\"hidden\" name=\"_wpcf7cf_hidden_group_fields\" value=\"[]\" \/>\n<input type=\"hidden\" name=\"_wpcf7cf_hidden_groups\" value=\"[]\" \/>\n<input type=\"hidden\" name=\"_wpcf7cf_visible_groups\" value=\"[]\" \/>\n<input type=\"hidden\" name=\"_wpcf7cf_repeaters\" value=\"[]\" \/>\n<input type=\"hidden\" name=\"_wpcf7cf_steps\" value=\"{}\" \/>\n<input type=\"hidden\" name=\"_wpcf7cf_options\" value=\"{&quot;form_id&quot;:6754,&quot;conditions&quot;:[],&quot;settings&quot;:{&quot;animation&quot;:&quot;yes&quot;,&quot;animation_intime&quot;:200,&quot;animation_outtime&quot;:200,&quot;conditions_ui&quot;:&quot;normal&quot;,&quot;notice_dismissed&quot;:true,&quot;notice_dismissed_update-cf7-5.8.3&quot;:true,&quot;notice_dismissed_rollback-cf7-5.8.5&quot;:true}}\" \/>\n<\/div>\n<div class=\"pt-reservation\">\n\t<div class=\"row\">\n\t\t<div class=\"col-lg-12\">\n\t\t\t<p><span class=\"wpcf7-form-control-wrap\" data-name=\"ime\"><input size=\"40\" maxlength=\"80\" class=\"wpcf7-form-control wpcf7-text wpcf7-validates-as-required\" aria-required=\"true\" aria-invalid=\"false\" placeholder=\"Your name\" value=\"\" type=\"text\" name=\"ime\" \/><\/span>\n\t\t\t<\/p>\n\t\t<\/div>\n\t\t<div class=\"col-lg-12\">\n\t\t\t<p><span class=\"wpcf7-form-control-wrap\" data-name=\"email\"><input size=\"40\" maxlength=\"80\" class=\"wpcf7-form-control wpcf7-email wpcf7-validates-as-required wpcf7-text wpcf7-validates-as-email\" aria-required=\"true\" aria-invalid=\"false\" placeholder=\"E-mail\" value=\"\" type=\"email\" name=\"email\" \/><\/span>\n\t\t\t<\/p>\n\t\t<\/div>\n\t\t<div class=\"col-lg-12\">\n\t\t\t<p><span class=\"wpcf7-form-control-wrap\" data-name=\"telefon\"><input size=\"40\" maxlength=\"80\" class=\"wpcf7-form-control wpcf7-text wpcf7-validates-as-required\" aria-required=\"true\" aria-invalid=\"false\" placeholder=\"Phone\" value=\"\" type=\"text\" name=\"telefon\" \/><\/span>\n\t\t\t<\/p>\n\t\t<\/div>\n\t\t<div class=\"col-lg-12\">\n\t\t\t<p><span class=\"wpcf7-form-control-wrap\" data-name=\"poruka\"><textarea cols=\"40\" rows=\"3\" maxlength=\"400\" class=\"wpcf7-form-control wpcf7-textarea wpcf7-validates-as-required\" aria-required=\"true\" aria-invalid=\"false\" placeholder=\"Your message\" name=\"poruka\"><\/textarea><\/span>\n\t\t\t<\/p>\n\t\t<\/div>\n\t\t<div class=\"screen-reader-response\">\n\t\t\t<div role=\"status\">\n\t\t\t<\/div>\n\t\t<\/div>\n\t\t<div class=\"col-lg-12\">\n\t\t\t<p><input class=\"wpcf7-form-control wpcf7-submit has-spinner\" type=\"submit\" value=\"Send\" \/>\n\t\t\t<\/p>\n\t\t<\/div>\n\t<\/div>\n<\/div><div class=\"wpcf7-response-output\" aria-hidden=\"true\"><\/div>\n<\/form>\n<\/div>\n<\/div>\n\t\t\t\t<\/div>\n\t\t\t\t<\/div>\n\t\t\t\t\t<\/div>\n\t\t<\/div>\n\t\t\t\t\t<\/div>\n\t\t<\/div>\n\t\t\t\t\t<\/div>\n\t\t<\/div>\n\t\t\t\t\t<\/div>\n\t\t<\/div>\n\t\t\t\t<div class=\"elementor-section elementor-top-section elementor-element elementor-element-39051c4 elementor-section-full_width elementor-section-stretched elementor-section-height-default elementor-section-height-default\" data-id=\"39051c4\" data-element_type=\"section\" data-settings=\"{&quot;stretch_section&quot;:&quot;section-stretched&quot;}\">\n\t\t\t\t\t\t<div class=\"elementor-container elementor-column-gap-default\">\n\t\t\t\t\t<div class=\"elementor-column elementor-col-100 elementor-top-column elementor-element elementor-element-d9de8c0\" data-id=\"d9de8c0\" data-element_type=\"column\">\n\t\t\t<div class=\"elementor-widget-wrap elementor-element-populated\">\n\t\t\t\t\t\t<div class=\"elementor-section elementor-inner-section elementor-element elementor-element-d171d15 elementor-section-full_width elementor-section-height-default elementor-section-height-default\" data-id=\"d171d15\" data-element_type=\"section\">\n\t\t\t\t\t\t<div class=\"elementor-container elementor-column-gap-default\">\n\t\t\t\t\t<div class=\"elementor-column elementor-col-100 elementor-inner-column elementor-element elementor-element-ac05408\" data-id=\"ac05408\" data-element_type=\"column\">\n\t\t\t<div class=\"elementor-widget-wrap elementor-element-populated\">\n\t\t\t\t\t\t<div class=\"elementor-element elementor-element-5dad429 elementor-widget elementor-widget-osm-map-elementor\" data-id=\"5dad429\" data-element_type=\"widget\" data-widget_type=\"osm-map-elementor.default\">\n\t\t\t\t<div class=\"elementor-widget-container\">\n\t\t\t<div id=\"osm-map-5dad429\" \n        class=\"osm-map-container\" \n        data-center=\"43.51243,16.44196\"><\/div>        <script type=\"text\/javascript\">\n                    <\/script>\n        \t\t<\/div>\n\t\t\t\t<\/div>\n\t\t\t\t\t<\/div>\n\t\t<\/div>\n\t\t\t\t\t<\/div>\n\t\t<\/div>\n\t\t\t\t\t<\/div>\n\t\t<\/div>\n\t\t\t\t\t<\/div>\n\t\t<\/div>\n\t\t\t\t<\/div>\n\t\t","protected":false},"excerpt":{"rendered":"<p>Address Biha\u0107ka ulica 2B, Split 21000, Croatia Phone +385 91 228 8883 E-mail noir.bistro.split@gmail.com Po\u0161aljite poruku Pi\u0161ite nam<\/p>\n","protected":false},"author":1,"featured_media":0,"parent":0,"menu_order":0,"comment_status":"closed","ping_status":"closed","template":"","meta":{"_acf_changed":false,"footnotes":""},"class_list":["post-6746","page","type-page","status-publish","hentry"],"acf":[],"yoast_head":"<!-- This site is optimized with the Yoast SEO plugin v23.0 - https:\/\/yoast.com\/wordpress\/plugins\/seo\/ -->\n<title>Best food in Split - Italian restaurant Split - Restaurant Noir<\/title>\n<meta name=\"description\" content=\"Contact us on phone number +385 91 228 8883 or via e-mail noirrestaurantst@gmail.com. Welcome!\" \/>\n<meta name=\"robots\" content=\"index, follow, max-snippet:-1, max-image-preview:large, max-video-preview:-1\" \/>\n<link rel=\"canonical\" href=\"https:\/\/noir-restoran.eu\/en\/contactcontact\/\" \/>\n<meta property=\"og:locale\" content=\"en_US\" \/>\n<meta property=\"og:type\" content=\"article\" \/>\n<meta property=\"og:title\" content=\"Best food in Split - Italian restaurant Split - Restaurant Noir\" \/>\n<meta property=\"og:description\" content=\"Contact us on phone number +385 91 228 8883 or via e-mail noirrestaurantst@gmail.com. Welcome!\" \/>\n<meta property=\"og:url\" content=\"https:\/\/noir-restoran.eu\/en\/contactcontact\/\" \/>\n<meta property=\"og:site_name\" content=\"Restaurant Noir\" \/>\n<meta property=\"article:publisher\" content=\"https:\/\/www.facebook.com\/noir.split\" \/>\n<meta property=\"article:modified_time\" content=\"2024-07-05T07:20:10+00:00\" \/>\n<meta property=\"og:image\" content=\"http:\/\/noir-restoran.eu\/wp-content\/uploads\/2023\/11\/kontakt-img-1.webp\" \/>\n<meta name=\"twitter:card\" content=\"summary_large_image\" \/>\n<meta name=\"twitter:label1\" content=\"Est. reading time\" \/>\n\t<meta name=\"twitter:data1\" content=\"4 minutes\" \/>\n<script type=\"application\/ld+json\" class=\"yoast-schema-graph\">{\"@context\":\"https:\/\/schema.org\",\"@graph\":[{\"@type\":\"WebPage\",\"@id\":\"https:\/\/noir-restoran.eu\/en\/contactcontact\/\",\"url\":\"https:\/\/noir-restoran.eu\/en\/contactcontact\/\",\"name\":\"Best food in Split - Italian restaurant Split - Restaurant Noir\",\"isPartOf\":{\"@id\":\"https:\/\/noir-restoran.eu\/#website\"},\"primaryImageOfPage\":{\"@id\":\"https:\/\/noir-restoran.eu\/en\/contactcontact\/#primaryimage\"},\"image\":{\"@id\":\"https:\/\/noir-restoran.eu\/en\/contactcontact\/#primaryimage\"},\"thumbnailUrl\":\"http:\/\/noir-restoran.eu\/wp-content\/uploads\/2023\/11\/kontakt-img-1.webp\",\"datePublished\":\"2022-03-19T08:28:06+00:00\",\"dateModified\":\"2024-07-05T07:20:10+00:00\",\"description\":\"Contact us on phone number +385 91 228 8883 or via e-mail noirrestaurantst@gmail.com. Welcome!\",\"breadcrumb\":{\"@id\":\"https:\/\/noir-restoran.eu\/en\/contactcontact\/#breadcrumb\"},\"inLanguage\":\"en-US\",\"potentialAction\":[{\"@type\":\"ReadAction\",\"target\":[\"https:\/\/noir-restoran.eu\/en\/contactcontact\/\"]}]},{\"@type\":\"ImageObject\",\"inLanguage\":\"en-US\",\"@id\":\"https:\/\/noir-restoran.eu\/en\/contactcontact\/#primaryimage\",\"url\":\"http:\/\/noir-restoran.eu\/wp-content\/uploads\/2023\/11\/kontakt-img-1.webp\",\"contentUrl\":\"http:\/\/noir-restoran.eu\/wp-content\/uploads\/2023\/11\/kontakt-img-1.webp\"},{\"@type\":\"BreadcrumbList\",\"@id\":\"https:\/\/noir-restoran.eu\/en\/contactcontact\/#breadcrumb\",\"itemListElement\":[{\"@type\":\"ListItem\",\"position\":1,\"name\":\"Po\u010detna stranica\",\"item\":\"https:\/\/noir-restoran.eu\/en\/\"},{\"@type\":\"ListItem\",\"position\":2,\"name\":\"Contact\"}]},{\"@type\":\"WebSite\",\"@id\":\"https:\/\/noir-restoran.eu\/#website\",\"url\":\"https:\/\/noir-restoran.eu\/\",\"name\":\"Restaurant Noir\",\"description\":\"Noir Nights, Italian Delights\",\"publisher\":{\"@id\":\"https:\/\/noir-restoran.eu\/#organization\"},\"potentialAction\":[{\"@type\":\"SearchAction\",\"target\":{\"@type\":\"EntryPoint\",\"urlTemplate\":\"https:\/\/noir-restoran.eu\/?s={search_term_string}\"},\"query-input\":\"required name=search_term_string\"}],\"inLanguage\":\"en-US\"},{\"@type\":\"Organization\",\"@id\":\"https:\/\/noir-restoran.eu\/#organization\",\"name\":\"Restaurant Noir\",\"url\":\"https:\/\/noir-restoran.eu\/\",\"logo\":{\"@type\":\"ImageObject\",\"inLanguage\":\"en-US\",\"@id\":\"https:\/\/noir-restoran.eu\/#\/schema\/logo\/image\/\",\"url\":\"http:\/\/noir-restoran.eu\/wp-content\/uploads\/2023\/11\/cropped-Noir.jpg\",\"contentUrl\":\"http:\/\/noir-restoran.eu\/wp-content\/uploads\/2023\/11\/cropped-Noir.jpg\",\"width\":512,\"height\":512,\"caption\":\"Restaurant Noir\"},\"image\":{\"@id\":\"https:\/\/noir-restoran.eu\/#\/schema\/logo\/image\/\"},\"sameAs\":[\"https:\/\/www.facebook.com\/noir.split\",\"https:\/\/www.instagram.com\/noir.split\/\"]}]}<\/script>\n<!-- \/ Yoast SEO plugin. -->","yoast_head_json":{"title":"Best food in Split - Italian restaurant Split - Restaurant Noir","description":"Contact us on phone number +385 91 228 8883 or via e-mail noirrestaurantst@gmail.com. Welcome!","robots":{"index":"index","follow":"follow","max-snippet":"max-snippet:-1","max-image-preview":"max-image-preview:large","max-video-preview":"max-video-preview:-1"},"canonical":"https:\/\/noir-restoran.eu\/en\/contactcontact\/","og_locale":"en_US","og_type":"article","og_title":"Best food in Split - Italian restaurant Split - Restaurant Noir","og_description":"Contact us on phone number +385 91 228 8883 or via e-mail noirrestaurantst@gmail.com. Welcome!","og_url":"https:\/\/noir-restoran.eu\/en\/contactcontact\/","og_site_name":"Restaurant Noir","article_publisher":"https:\/\/www.facebook.com\/noir.split","article_modified_time":"2024-07-05T07:20:10+00:00","og_image":[{"url":"http:\/\/noir-restoran.eu\/wp-content\/uploads\/2023\/11\/kontakt-img-1.webp"}],"twitter_card":"summary_large_image","twitter_misc":{"Est. reading time":"4 minutes"},"schema":{"@context":"https:\/\/schema.org","@graph":[{"@type":"WebPage","@id":"https:\/\/noir-restoran.eu\/en\/contactcontact\/","url":"https:\/\/noir-restoran.eu\/en\/contactcontact\/","name":"Best food in Split - Italian restaurant Split - Restaurant Noir","isPartOf":{"@id":"https:\/\/noir-restoran.eu\/#website"},"primaryImageOfPage":{"@id":"https:\/\/noir-restoran.eu\/en\/contactcontact\/#primaryimage"},"image":{"@id":"https:\/\/noir-restoran.eu\/en\/contactcontact\/#primaryimage"},"thumbnailUrl":"http:\/\/noir-restoran.eu\/wp-content\/uploads\/2023\/11\/kontakt-img-1.webp","datePublished":"2022-03-19T08:28:06+00:00","dateModified":"2024-07-05T07:20:10+00:00","description":"Contact us on phone number +385 91 228 8883 or via e-mail noirrestaurantst@gmail.com. Welcome!","breadcrumb":{"@id":"https:\/\/noir-restoran.eu\/en\/contactcontact\/#breadcrumb"},"inLanguage":"en-US","potentialAction":[{"@type":"ReadAction","target":["https:\/\/noir-restoran.eu\/en\/contactcontact\/"]}]},{"@type":"ImageObject","inLanguage":"en-US","@id":"https:\/\/noir-restoran.eu\/en\/contactcontact\/#primaryimage","url":"http:\/\/noir-restoran.eu\/wp-content\/uploads\/2023\/11\/kontakt-img-1.webp","contentUrl":"http:\/\/noir-restoran.eu\/wp-content\/uploads\/2023\/11\/kontakt-img-1.webp"},{"@type":"BreadcrumbList","@id":"https:\/\/noir-restoran.eu\/en\/contactcontact\/#breadcrumb","itemListElement":[{"@type":"ListItem","position":1,"name":"Po\u010detna stranica","item":"https:\/\/noir-restoran.eu\/en\/"},{"@type":"ListItem","position":2,"name":"Contact"}]},{"@type":"WebSite","@id":"https:\/\/noir-restoran.eu\/#website","url":"https:\/\/noir-restoran.eu\/","name":"Restaurant Noir","description":"Noir Nights, Italian Delights","publisher":{"@id":"https:\/\/noir-restoran.eu\/#organization"},"potentialAction":[{"@type":"SearchAction","target":{"@type":"EntryPoint","urlTemplate":"https:\/\/noir-restoran.eu\/?s={search_term_string}"},"query-input":"required name=search_term_string"}],"inLanguage":"en-US"},{"@type":"Organization","@id":"https:\/\/noir-restoran.eu\/#organization","name":"Restaurant Noir","url":"https:\/\/noir-restoran.eu\/","logo":{"@type":"ImageObject","inLanguage":"en-US","@id":"https:\/\/noir-restoran.eu\/#\/schema\/logo\/image\/","url":"http:\/\/noir-restoran.eu\/wp-content\/uploads\/2023\/11\/cropped-Noir.jpg","contentUrl":"http:\/\/noir-restoran.eu\/wp-content\/uploads\/2023\/11\/cropped-Noir.jpg","width":512,"height":512,"caption":"Restaurant Noir"},"image":{"@id":"https:\/\/noir-restoran.eu\/#\/schema\/logo\/image\/"},"sameAs":["https:\/\/www.facebook.com\/noir.split","https:\/\/www.instagram.com\/noir.split\/"]}]}},"_links":{"self":[{"href":"https:\/\/noir-restoran.eu\/en\/wp-json\/wp\/v2\/pages\/6746","targetHints":{"allow":["GET"]}}],"collection":[{"href":"https:\/\/noir-restoran.eu\/en\/wp-json\/wp\/v2\/pages"}],"about":[{"href":"https:\/\/noir-restoran.eu\/en\/wp-json\/wp\/v2\/types\/page"}],"author":[{"embeddable":true,"href":"https:\/\/noir-restoran.eu\/en\/wp-json\/wp\/v2\/users\/1"}],"replies":[{"embeddable":true,"href":"https:\/\/noir-restoran.eu\/en\/wp-json\/wp\/v2\/comments?post=6746"}],"version-history":[{"count":20,"href":"https:\/\/noir-restoran.eu\/en\/wp-json\/wp\/v2\/pages\/6746\/revisions"}],"predecessor-version":[{"id":7154,"href":"https:\/\/noir-restoran.eu\/en\/wp-json\/wp\/v2\/pages\/6746\/revisions\/7154"}],"wp:attachment":[{"href":"https:\/\/noir-restoran.eu\/en\/wp-json\/wp\/v2\/media?parent=6746"}],"curies":[{"name":"wp","href":"https:\/\/api.w.org\/{rel}","templated":true}]}}